{"id":2237,"date":"2025-04-17T10:47:17","date_gmt":"2025-04-17T10:47:17","guid":{"rendered":"https:\/\/picasi.com\/?page_id=2237"},"modified":"2025-09-16T12:16:45","modified_gmt":"2025-09-16T10:16:45","slug":"terms-of-use","status":"publish","type":"page","link":"https:\/\/picasi.com\/en\/software-nutzungsbedingungen\/","title":{"rendered":"Software-Nutzungsbedingungen"},"content":{"rendered":"<style>.kb-row-layout-id2237_ebc55c-71 > .kt-row-column-wrap{align-content:start;}:where(.kb-row-layout-id2237_ebc55c-71 > .kt-row-column-wrap) > .wp-block-kadence-column{justify-content:start;}.kb-row-layout-id2237_ebc55c-71 > .kt-row-column-wrap{column-gap:var(--global-kb-gap-md, 2rem);row-gap:var(--global-kb-gap-md, 2rem);max-width:var( --global-content-width, 1290px );padding-left:var(--global-content-edge-padding);padding-right:var(--global-content-edge-padding);padding-top:var(--global-kb-spacing-xl, 4rem);padding-right:var(--global-kb-spacing-xxs, 0.5rem);padding-bottom:0px;padding-left:var(--global-kb-spacing-xxs, 0.5rem);grid-template-columns:minmax(0, 1fr);}.kb-row-layout-id2237_ebc55c-71 > .kt-row-layout-overlay{opacity:0.30;}@media all and (max-width: 1024px){.kb-row-layout-wrap.wp-block-kadence-rowlayout.kb-row-layout-id2237_ebc55c-71{margin-top:120px;}}@media all and (max-width: 1024px){.kb-row-layout-id2237_ebc55c-71 > .kt-row-column-wrap{padding-top:0px;padding-right:30px;padding-bottom:0px;padding-left:30px;grid-template-columns:minmax(0, 1fr);}}@media all and (max-width: 767px){.kb-row-layout-wrap.wp-block-kadence-rowlayout.kb-row-layout-id2237_ebc55c-71{margin-top:60px;margin-bottom:0px;}.kb-row-layout-id2237_ebc55c-71 > .kt-row-column-wrap{padding-top:0px;padding-right:0px;padding-bottom:0px;padding-left:0px;grid-template-columns:minmax(0, 1fr);}}<\/style><div class=\"kb-row-layout-wrap kb-row-layout-id2237_ebc55c-71 alignnone wp-block-kadence-rowlayout\"><div class=\"kt-row-column-wrap kt-has-1-columns kt-row-layout-equal kt-tab-layout-inherit kt-mobile-layout-row kt-row-valign-top kb-theme-content-width\">\n<style>.kadence-column2237_5c277f-53 > .kt-inside-inner-col,.kadence-column2237_5c277f-53 > .kt-inside-inner-col:before{border-top-left-radius:0px;border-top-right-radius:0px;border-bottom-right-radius:0px;border-bottom-left-radius:0px;}.kadence-column2237_5c277f-53 > .kt-inside-inner-col{column-gap:var(--global-kb-gap-sm, 1rem);}.kadence-column2237_5c277f-53 > .kt-inside-inner-col{flex-direction:column;}.kadence-column2237_5c277f-53 > .kt-inside-inner-col > .aligncenter{width:100%;}.kadence-column2237_5c277f-53 > .kt-inside-inner-col:before{opacity:0.3;}.kadence-column2237_5c277f-53{position:relative;}@media all and (max-width: 1024px){.kadence-column2237_5c277f-53 > .kt-inside-inner-col{padding-top:0px;padding-right:30px;padding-bottom:0px;padding-left:30px;flex-direction:column;justify-content:center;}}@media all and (max-width: 1024px){.kadence-column2237_5c277f-53, .kt-inside-inner-col > .kadence-column2237_5c277f-53:not(.specificity){margin-top:0px;margin-right:0px;margin-bottom:0px;margin-left:0px;}}@media all and (max-width: 767px){.kadence-column2237_5c277f-53 > .kt-inside-inner-col{padding-top:10px;padding-right:10px;padding-bottom:10px;padding-left:10px;flex-direction:column;justify-content:center;}}<\/style>\n<div class=\"wp-block-kadence-column kadence-column2237_5c277f-53 inner-column-1\"><div class=\"kt-inside-inner-col\"><style>.wp-block-kadence-advancedheading.kt-adv-heading2237_adced4-bf, .wp-block-kadence-advancedheading.kt-adv-heading2237_adced4-bf[data-kb-block=\"kb-adv-heading2237_adced4-bf\"]{margin-top:0px;margin-bottom:30px;text-align:center;font-size:var(--global-kb-font-size-lg, 2rem);line-height:1.2em;font-style:normal;}.wp-block-kadence-advancedheading.kt-adv-heading2237_adced4-bf mark.kt-highlight, .wp-block-kadence-advancedheading.kt-adv-heading2237_adced4-bf[data-kb-block=\"kb-adv-heading2237_adced4-bf\"] mark.kt-highlight{font-style:normal;color:#f76a0c;-webkit-box-decoration-break:clone;box-decoration-break:clone;padding-top:0px;padding-right:0px;padding-bottom:0px;padding-left:0px;}.wp-block-kadence-advancedheading.kt-adv-heading2237_adced4-bf img.kb-inline-image, .wp-block-kadence-advancedheading.kt-adv-heading2237_adced4-bf[data-kb-block=\"kb-adv-heading2237_adced4-bf\"] img.kb-inline-image{width:150px;vertical-align:baseline;}<\/style>\n<h1 class=\"kt-adv-heading2237_adced4-bf wp-block-kadence-advancedheading has-theme-palette-1-color has-text-color\" data-kb-block=\"kb-adv-heading2237_adced4-bf\">Software-Nutzungsbedingungen<\/h1>\n\n\n<style>.wp-block-kadence-advancedheading.kt-adv-heading2237_9f73f2-67, .wp-block-kadence-advancedheading.kt-adv-heading2237_9f73f2-67[data-kb-block=\"kb-adv-heading2237_9f73f2-67\"]{margin-top:30px;margin-bottom:30px;font-style:normal;}.wp-block-kadence-advancedheading.kt-adv-heading2237_9f73f2-67 mark.kt-highlight, .wp-block-kadence-advancedheading.kt-adv-heading2237_9f73f2-67[data-kb-block=\"kb-adv-heading2237_9f73f2-67\"] mark.kt-highlight{font-style:normal;color:#f76a0c;-webkit-box-decoration-break:clone;box-decoration-break:clone;padding-top:0px;padding-right:0px;padding-bottom:0px;padding-left:0px;}.wp-block-kadence-advancedheading.kt-adv-heading2237_9f73f2-67 img.kb-inline-image, .wp-block-kadence-advancedheading.kt-adv-heading2237_9f73f2-67[data-kb-block=\"kb-adv-heading2237_9f73f2-67\"] img.kb-inline-image{width:150px;vertical-align:baseline;}<\/style>\n<p class=\"kt-adv-heading2237_9f73f2-67 wp-block-kadence-advancedheading\" data-kb-block=\"kb-adv-heading2237_9f73f2-67\">Diese Erkl\u00e4rung zu Datenschutz gilt f\u00fcr unsere Website unter https:\/\/picasi.com, unser webbasiertes Tool unter https:\/\/picasi.app, sowie alle anderen Angebote der Picasi GmbH, soweit diese keine separate Datenschutzerkl\u00e4rung haben.<\/p>\n<\/div><\/div>\n\n<\/div><\/div>\n\n<style>.kb-row-layout-id2237_c2aa90-32 > .kt-row-column-wrap{align-content:start;}:where(.kb-row-layout-id2237_c2aa90-32 > .kt-row-column-wrap) > .wp-block-kadence-column{justify-content:start;}.kb-row-layout-id2237_c2aa90-32 > .kt-row-column-wrap{column-gap:var(--global-kb-gap-md, 2rem);row-gap:var(--global-kb-gap-md, 2rem);max-width:var( --global-content-width, 1290px );padding-left:var(--global-content-edge-padding);padding-right:var(--global-content-edge-padding);padding-top:0px;padding-right:var(--global-kb-spacing-xxs, 0.5rem);padding-bottom:var(--global-kb-spacing-xl, 4rem);padding-left:var(--global-kb-spacing-xxs, 0.5rem);grid-template-columns:minmax(0, 1fr);}.kb-row-layout-id2237_c2aa90-32 > .kt-row-layout-overlay{opacity:0.30;}@media all and (max-width: 1024px){.kb-row-layout-wrap.wp-block-kadence-rowlayout.kb-row-layout-id2237_c2aa90-32{margin-top:120px;}}@media all and (max-width: 1024px){.kb-row-layout-id2237_c2aa90-32 > .kt-row-column-wrap{padding-top:0px;padding-right:30px;padding-bottom:0px;padding-left:30px;grid-template-columns:minmax(0, 1fr);}}@media all and (max-width: 767px){.kb-row-layout-wrap.wp-block-kadence-rowlayout.kb-row-layout-id2237_c2aa90-32{margin-top:60px;margin-bottom:0px;}.kb-row-layout-id2237_c2aa90-32 > .kt-row-column-wrap{padding-top:0px;padding-right:0px;padding-bottom:0px;padding-left:0px;grid-template-columns:minmax(0, 1fr);}}<\/style><div class=\"kb-row-layout-wrap kb-row-layout-id2237_c2aa90-32 alignnone wp-block-kadence-rowlayout\"><div class=\"kt-row-column-wrap kt-has-1-columns kt-row-layout-equal kt-tab-layout-inherit kt-mobile-layout-row kt-row-valign-top kb-theme-content-width\">\n<style>.kadence-column2237_04d2ca-3d > .kt-inside-inner-col,.kadence-column2237_04d2ca-3d > .kt-inside-inner-col:before{border-top-left-radius:0px;border-top-right-radius:0px;border-bottom-right-radius:0px;border-bottom-left-radius:0px;}.kadence-column2237_04d2ca-3d > .kt-inside-inner-col{column-gap:var(--global-kb-gap-sm, 1rem);}.kadence-column2237_04d2ca-3d > .kt-inside-inner-col{flex-direction:column;}.kadence-column2237_04d2ca-3d > .kt-inside-inner-col > .aligncenter{width:100%;}.kadence-column2237_04d2ca-3d > .kt-inside-inner-col:before{opacity:0.3;}.kadence-column2237_04d2ca-3d{position:relative;}@media all and (max-width: 1024px){.kadence-column2237_04d2ca-3d > .kt-inside-inner-col{padding-top:0px;padding-right:30px;padding-bottom:0px;padding-left:30px;flex-direction:column;justify-content:center;}}@media all and (max-width: 1024px){.kadence-column2237_04d2ca-3d, .kt-inside-inner-col > .kadence-column2237_04d2ca-3d:not(.specificity){margin-top:0px;margin-right:0px;margin-bottom:0px;margin-left:0px;}}@media all and (max-width: 767px){.kadence-column2237_04d2ca-3d > .kt-inside-inner-col{padding-top:10px;padding-right:10px;padding-bottom:10px;padding-left:10px;flex-direction:column;justify-content:center;}}<\/style>\n<div class=\"wp-block-kadence-column kadence-column2237_04d2ca-3d inner-column-1\"><div class=\"kt-inside-inner-col\">\n<h2 class=\"wp-block-heading\">1 Leistungen<\/h2>\n\n\n\n<p>1.1&nbsp;Der Anbieter stellt die vertragsgegenst\u00e4ndlichen Leistungen, insbesondere den Zugang zur Software, in seinem Verf\u00fcgungsbereich (ab Schnittstelle Rechenzentrum zum Internet) bereit. Der Leistungsumfang, die Beschaffenheit, der Verwendungszweck und die Einsatzbedingungen der vertragsgegenst\u00e4ndlichen Leistungen ergeben sich aus der jeweiligen Leistungsbeschreibung, erg\u00e4nzend aus der Bedienungsanleitung der Software.<\/p>\n\n\n\n<p>1.2&nbsp;Dar\u00fcber hinausgehende Leistungen, etwa die Entwicklung kundenindividueller L\u00f6sungen oder erforderliche Anpassungen bed\u00fcrfen eines gesonderten Vertrages.<\/p>\n\n\n\n<p>1.3&nbsp;Der Anbieter kann aktualisierte Versionen der Software bereitstellen.<\/p>\n\n\n\n<p>Der Anbieter wird den Kunden \u00fcber aktualisierte Versionen und entsprechende Nutzungshinweise auf elektronischem Wege informieren und diese entsprechend verf\u00fcgbar machen.<\/p>\n\n\n\n<h2 class=\"wp-block-heading\">2&nbsp;Nutzungsumfang<\/h2>\n\n\n\n<p>2.1&nbsp;Die vertragsgegenst\u00e4ndlichen Leistungen d\u00fcrfen nur durch den Kunden und nur zu den im Vertrag vereinbarten Zwecken verwendet werden. Der Kunde darf w\u00e4hrend der Laufzeit des Vertrages auf die vertragsgegenst\u00e4ndlichen Leistungen mittels Telekommunikation (\u00fcber das Internet) zugreifen und mittels eines Browsers oder einer anderen geeigneten Anwendung (z. B. \u201eApp\u201c) die mit der Software verbundenen Funktionalit\u00e4ten vertragsgem\u00e4\u00df nutzen. Dar\u00fcber hinausgehende Rechte, insbesondere an der Software oder den ggf. bereitgestellten Infrastrukturleistungen im jeweiligen Rechenzentrum erh\u00e4lt der Kunde nicht. Jede weitergehende Nutzung bedarf der vorherigen schriftlichen Zustimmung des Anbieters.<\/p>\n\n\n\n<p>2.2&nbsp;Der Kunde darf die Software insbesondere nicht \u00fcber den vereinbarten Nutzungsumfang hinaus in Anspruch nehmen oder von Dritten nutzen lassen oder sie Dritten zug\u00e4nglich machen. Insbesondere ist es dem Kunden nicht gestattet, Software oder Teile davon zu vervielf\u00e4ltigen, zu ver\u00e4u\u00dfern oder zeitlich begrenzt zu \u00fcberlassen, zu vermieten oder zu verleihen.<\/p>\n\n\n\n<p>2.3&nbsp;Der Anbieter ist berechtigt, angemessene technische Ma\u00dfnahmen zum Schutz vor einer nicht vertragsgem\u00e4\u00dfen Nutzung zu treffen. Der vertragsgem\u00e4\u00dfe Einsatz der Leistungen darf dadurch nicht mehr als nur unwesentlich beeintr\u00e4chtigt werden.<\/p>\n\n\n\n<p>2.4&nbsp;Im Falle eines vertragswidrigen \u00dcberschreitens des Nutzungsumfangs durch einen Nutzer oder im Falle einer unberechtigten Nutzungs\u00fcberlassung hat der Kunde dem Anbieter auf Verlangen unverz\u00fcglich s\u00e4mtliche ihm verf\u00fcgbaren Angaben zur Geltendmachung der Anspr\u00fcche wegen der vertragswidrigen Nutzung zu machen, insbesondere Name und Anschrift des Nutzers mitzuteilen.<\/p>\n\n\n\n<p>2.5&nbsp;Der Anbieter kann die Zugangsberechtigung des Kunden widerrufen und \/ oder den Vertrag k\u00fcndigen, wenn der Kunde die ihm gestattete Nutzung erheblich \u00fcberschreitet oder gegen Regelungen zum Schutz vor unberechtigter Nutzung verst\u00f6\u00dft. Damit verbunden kann der Anbieter den Zugriff auf die vertraglichen Leistungen unterbrechen bzw. sperren. Der Anbieter hat dem Kunden vorher grunds\u00e4tzlich eine angemessene Nachfrist zur Abhilfe zu setzen. Der alleinige Widerruf der Zugangsberechtigung gilt nicht zugleich als K\u00fcndigung des Vertrages. Den Widerruf der Zugangsberechtigung ohne K\u00fcndigung kann der Anbieter nur f\u00fcr eine angemessene Frist, maximal 3 Monate, aufrechterhalten.<\/p>\n\n\n\n<p>2.6&nbsp;Der Anspruch des Anbieters auf eine Verg\u00fctung f\u00fcr die \u00fcber die vereinbarte Nutzung hinausgehende Nutzung bleibt unber\u00fchrt.<\/p>\n\n\n\n<p>2.7&nbsp;Der Kunde hat einen Anspruch auf Wiedereinr\u00e4umung der Zugangsberechtigung und der Zugriffsm\u00f6glichkeit, nachdem er nachgewiesen hat, dass er die vertragswidrige Nutzung eingestellt und eine zuk\u00fcnftige vertragswidrige Nutzung unterbunden hat.<\/p>\n\n\n\n<h2 class=\"wp-block-heading\">3&nbsp;Verf\u00fcgbarkeit, Leistungsm\u00e4ngel<\/h2>\n\n\n\n<p>3.1&nbsp;Die Verf\u00fcgbarkeit der bereitgestellten Leistungen ergibt sich aus der Leistungsbeschreibung.<\/p>\n\n\n\n<p>3.2&nbsp;Bei einer nur unerheblichen Minderung der Tauglichkeit der Leistungen zum vertragsgem\u00e4\u00dfen Gebrauch bestehen keine Anspr\u00fcche des Kunden wegen M\u00e4ngeln. Die verschuldensunabh\u00e4ngige Haftung des Anbieters wegen M\u00e4ngeln, die bereits zum Zeitpunkt des Vertragsschlusses vorhanden waren, ist ausgeschlossen.<\/p>\n\n\n\n<p>3.3&nbsp;\u00a7 578b BGB bleibt unber\u00fchrt.<\/p>\n\n\n\n<h2 class=\"wp-block-heading\">4&nbsp;Datenschutz<\/h2>\n\n\n\n<p>4.1&nbsp;Soweit der Anbieter auf personenbezogene Daten des Kunden oder aus dessen Bereich zugreifen kann, wird er ausschlie\u00dflich als Auftragsverarbeiter t\u00e4tig und diese Daten nur zur Vertragsdurchf\u00fchrung verarbeiten und nutzen. Der Anbieter wird Weisungen des Kunden f\u00fcr den Umgang mit diesen Daten beachten. Der Kunde tr\u00e4gt etwaige nachteilige Folgen solcher Weisungen f\u00fcr die Vertragsdurchf\u00fchrung. Der Kunde wird mit dem Anbieter die Details f\u00fcr den Umgang des Anbieters mit den Daten des Kunden nach den datenschutzrechtlichen Anforderungen vereinbaren.<\/p>\n\n\n\n<p>4.2&nbsp;Der Kunde bleibt sowohl allgemein im Auftragsverh\u00e4ltnis als auch im datenschutzrechtlichen Sinne der Verantwortliche. Verarbeitet der Kunde im Zusammenhang mit dem Vertrag personenbezogene Daten (einschlie\u00dflich Erhebung und Nutzung), so steht er daf\u00fcr ein, dass er dazu nach den anwendbaren, insbesondere datenschutzrechtlichen Bestimmungen berechtigt ist und stellt im Falle eines Versto\u00dfes den Anbieter von Anspr\u00fcchen Dritter frei.<\/p>\n\n\n\n<p>4.3&nbsp;F\u00fcr das Verh\u00e4ltnis zwischen Anbieter und Kunde gilt: Gegen\u00fcber der betroffenen Person tr\u00e4gt die Verantwortung f\u00fcr die Verarbeitung (einschlie\u00dflich Erhebung und Nutzung) personenbezogener Daten der Kunde, au\u00dfer soweit der Anbieter etwaige Anspr\u00fcche der betroffenen Person wegen einer ihm zuzurechnenden Pflichtverletzung zu vertreten hat. Der Kunde wird etwaige Anfragen, Antr\u00e4ge und Anspr\u00fcche der betroffenen Person verantwortlich pr\u00fcfen, bearbeiten und beantworten. Das gilt auch bei einer Inanspruchnahme des Anbieters durch die betroffene Person. Der Anbieter wird den Kunden im Rahmen seiner Pflichten unterst\u00fctzen.<\/p>\n\n\n\n<p>4.4&nbsp;Der Anbieter gew\u00e4hrleistet, dass Daten des Kunden ausschlie\u00dflich im Gebiet der Bundesrepublik Deutschland, in einem Mitgliedsstaat der Europ\u00e4ischen Union oder in einem anderen Vertragsstaat des Abkommens \u00fcber den Europ\u00e4ischen Wirtschaftsraum gespeichert werden, soweit nichts anderes vereinbart ist.<\/p>\n\n\n\n<h1 class=\"wp-block-heading\">5&nbsp;Pflichten des Kunden<\/h1>\n\n\n\n<p>5.1&nbsp;Der Kunde hat die ihm bzw. den Nutzern zugeordneten Zugangsberechtigungen sowie Identifikations- und Authentifikationsinformationen vor dem Zugriff durch Dritte zu sch\u00fctzen und nicht an Unberechtigte weiterzugeben.<\/p>\n\n\n\n<p>5.2&nbsp;Der Kunde ist verpflichtet, den Anbieter von s\u00e4mtlichen Anspr\u00fcchen Dritter aufgrund von Rechtsverletzungen freizustellen, die auf einer rechtswidrigen Verwendung des Leistungsgegenstands durch ihn beruhen oder mit seiner Billigung erfolgen. Erkennt der Kunde oder muss er erkennen, dass ein solcher Versto\u00df droht, besteht die Pflicht zur unverz\u00fcglichen Unterrichtung des Anbieters.<\/p>\n\n\n\n<p>5.3&nbsp;Der Kunde hat vom Anbieter zur Verf\u00fcgung gestellte M\u00f6glichkeiten zu nutzen, seine Daten in seinem origin\u00e4ren Verantwortungsbereich zu sichern.<\/p>\n\n\n\n<h1 class=\"wp-block-heading\">6&nbsp;Vertragswidrige Nutzung, Schadensersatz<\/h1>\n\n\n\n<p>F\u00fcr jeden Fall, in dem im Verantwortungsbereich des Kunden unberechtigt eine vertragsgegenst\u00e4ndliche Leistung in Anspruch genommen wird, hat der Kunde jeweils Schadensersatz in H\u00f6he derjenigen Verg\u00fctung zu leisten, die f\u00fcr die vertragsgem\u00e4\u00dfe Nutzung im Rahmen der f\u00fcr diese Leistung geltenden Mindestvertragsdauer angefallen w\u00e4re. Der Nachweis, dass der Kunde die unberechtigte Nutzung nicht zu vertreten hat oder kein oder ein wesentlich geringerer Schaden vorliegt, bleibt dem Kunden vorbehalten. Der Anbieter bleibt berechtigt, einen weitergehenden Schaden geltend zu machen.<\/p>\n\n\n\n<h1 class=\"wp-block-heading\">7&nbsp;St\u00f6rungsmanagement<\/h1>\n\n\n\n<p>7.1&nbsp;Der Anbieter wird St\u00f6rungsmeldungen des Kunden entgegennehmen, den vereinbarten St\u00f6rungskategorien (Ziffer 7.3) zuordnen und anhand dieser Zuordnung die vereinbarten Ma\u00dfnahmen zur Analyse und Bereinigung von St\u00f6rungen durchf\u00fchren.<\/p>\n\n\n\n<p>7.2&nbsp;Der Anbieter wird w\u00e4hrend seiner \u00fcblichen Gesch\u00e4ftszeiten ordnungsgem\u00e4\u00dfe St\u00f6rungsmeldungen des Kunden entgegennehmen und jeweils mit einer Kennung versehen. Auf Anforderung des Kunden best\u00e4tigt ihm der Anbieter den Eingang einer St\u00f6rungsmeldung unter Mitteilung der vergebenen Kennung.<\/p>\n\n\n\n<p>7.3&nbsp;Soweit nichts anderes vereinbart ist, wird der Anbieter entgegengenommene St\u00f6rungsmeldungen nach erster Sichtung einer der folgenden Kategorien zuordnen:<\/p>\n\n\n\n<ol style=\"list-style-type:lower-alpha\" class=\"wp-block-list\">\n<li>Schwerwiegende St\u00f6rung<\/li>\n<\/ol>\n\n\n\n<p>Die St\u00f6rung beruht auf einem Fehler der vertragsgegenst\u00e4ndlichen Leistungen, der die Nutzung der vertragsgegenst\u00e4ndlichen Leistungen, insbesondere der Software, unm\u00f6glich macht oder nur mit schwerwiegenden Einschr\u00e4nkungen erlaubt. Der Kunde kann dieses Problem nicht in zumutbarer Weise umgehen und deswegen unaufschiebbare Aufgaben nicht erledigen.<\/p>\n\n\n\n<ol start=\"2\" style=\"list-style-type:lower-alpha\" class=\"wp-block-list\">\n<li>Sonstige St\u00f6rung<\/li>\n<\/ol>\n\n\n\n<p>Die St\u00f6rung beruht auf einem Fehler der vertragsgegenst\u00e4ndlichen Leistungen, der die Nutzung der vertragsgegenst\u00e4ndlichen Leistungen, insbesondere der Software, durch den Kunden mehr als nur unwesentlich einschr\u00e4nkt, ohne dass eine schwerwiegende St\u00f6rung vorliegt.<\/p>\n\n\n\n<ol start=\"3\" style=\"list-style-type:lower-alpha\" class=\"wp-block-list\">\n<li>Sonstige Meldung<\/li>\n<\/ol>\n\n\n\n<p>St\u00f6rungsmeldungen, die nicht in die Kategorien a) und b) fallen, werden den sonstigen Meldungen zugeordnet. Sonstige Meldungen werden vom Anbieter nur nach den daf\u00fcr getroffenen Vereinbarungen behandelt.<\/p>\n\n\n\n<p>7.4 Bei Meldungen \u00fcber schwerwiegende St\u00f6rungen und sonstige St\u00f6rungen wird der Anbieter unverz\u00fcglich anhand der vom Kunden mitgeteilten Umst\u00e4nde entsprechende Ma\u00dfnahmen einleiten, um zun\u00e4chst die St\u00f6rungsursache zu lokalisieren.<\/p>\n\n\n\n<p>Stellt sich die mitgeteilte St\u00f6rung nach erster Analyse nicht als Fehler der vertragsgegenst\u00e4ndlichen Leistungen, insbesondere der bereitgestellten Software, dar, teilt der Anbieter dies dem Kunden unverz\u00fcglich mit.<\/p>\n\n\n\n<p>Sonst wird der Anbieter entsprechende Ma\u00dfnahmen zur weitergehenden Analyse und zur Bereinigung der mitgeteilten St\u00f6rung veranlassen oder \u2013 bei Drittsoftware \u2013 die St\u00f6rungsmeldung zusammen mit seinen Analyseergebnissen dem Vertreiber oder Hersteller der Drittsoftware mit der Bitte um Abhilfe \u00fcbermitteln.<\/p>\n\n\n\n<p>Der Anbieter wird dem Kunden ihm vorliegende Ma\u00dfnahmen zur Umgehung oder Bereinigung eines Fehlers der vertragsgegenst\u00e4ndlichen Leistungen, insbesondere der bereitgestellten Software, etwa Handlungsanweisungen oder Korrekturen der bereitgestellten Software, unverz\u00fcglich zur Verf\u00fcgung stellen. Der Kunde wird solche Ma\u00dfnahmen zur Umgehung oder Bereinigung von St\u00f6rungen unverz\u00fcglich \u00fcbernehmen und dem Anbieter bei deren Einsatz etwa verbleibende St\u00f6rungen unverz\u00fcglich erneut melden.<\/p>\n\n\n\n<h2 class=\"wp-block-heading\">8 Ansprechstelle (Hotline)<\/h2>\n\n\n\n<p>8.1&nbsp;Vertragliche Leistungen<\/p>\n\n\n\n<p>Der Anbieter richtet eine Ansprechstelle f\u00fcr den Kunden ein (Hotline). Diese Stelle bearbeitet die Anfragen des Kunden im Zusammenhang mit den technischen Einsatzvoraussetzungen und -bedingungen der bereitgestellten Software sowie zu einzelnen funktionalen Aspekten.<\/p>\n\n\n\n<p>8.2&nbsp;Annahme und Bearbeitung von Anfragen<\/p>\n\n\n\n<p>Voraussetzung f\u00fcr die Annahme und Bearbeitung von Anfragen ist, dass der Kunde gegen\u00fcber dem Anbieter fachlich und technisch entsprechend qualifiziertes Personal benennt, das intern beim Kunden mit der Bearbeitung von Anfragen der Anwender der bereitgestellten Software beauftragt ist. Der Kunde ist verpflichtet, nur \u00fcber dieses dem Anbieter benannte Personal Anfragen an die Hotline zu richten und dabei vom Anbieter gestellte Formulare zu verwenden. Die Hotline nimmt solche Anfragen per E-Mail, Online-Chat oder Meldeformular w\u00e4hrend der \u00fcblichen Gesch\u00e4ftszeiten des Anbieters entgegen.<\/p>\n\n\n\n<p>Die Hotline wird ordnungsgem\u00e4\u00dfe Anfragen im \u00fcblichen Gesch\u00e4ftsgang bearbeiten und soweit m\u00f6glich beantworten. Die Hotline kann zur Beantwortung auf dem Kunden zug\u00e4ngliche Dokumentationen und sonstige Ausbildungsmittel f\u00fcr die bereitgestellte Software verweisen. Soweit eine Beantwortung durch die Hotline nicht oder nicht zeitnah m\u00f6glich ist, wird der Anbieter \u2013 soweit dies ausdr\u00fccklich vereinbart ist \u2013 die Anfrage zur Bearbeitung weiterleiten, insbesondere Anfragen zu nicht von ihm hergestellter Software.<\/p>\n\n\n\n<p>Weitergehende Leistungen der Hotline, etwa andere Ansprechzeiten und fristen sowie Rufbereitschaften oder Eins\u00e4tze des Anbieters vor Ort beim Kunden sind vorab ausdr\u00fccklich zu vereinbaren.<\/p>\n\n\n\n<h2 class=\"wp-block-heading\">9&nbsp;Vertragslaufzeit und Vertragsbeendigung<\/h2>\n\n\n\n<p>9.1&nbsp;Die Erbringung der vertraglich vereinbarten Leistungen erfolgt ab dem im Vertrag bezeichneten Datum zun\u00e4chst f\u00fcr die Dauer der im Vertrag vereinbarten Laufzeit. W\u00e4hrend dieser Mindestlaufzeit ist eine vorzeitige ordentliche K\u00fcndigung beidseitig ausgeschlossen.<\/p>\n\n\n\n<p>9.2&nbsp;Der Vertrag kann jederzeit zum Ablauf der jeweils aktuellen Laufzeit gek\u00fcndigt werden. Geschieht dies nicht, verl\u00e4ngert sich der Vertrag jeweils um ein weiteres Jahr.<\/p>\n\n\n\n<p>9.3&nbsp;Das Recht jedes Vertragspartners zur au\u00dferordentlichen K\u00fcndigung aus wichtigem Grund bleibt unber\u00fchrt.<\/p>\n\n\n\n<p>9.4&nbsp;Jede K\u00fcndigungserkl\u00e4rung bedarf zu ihrer Wirksamkeit der Schriftform bzw. der Erkl\u00e4rung \u00fcber die bereitgestellte Software. Es gilt Ziffer 8.4 der Allgemeine Gesch\u00e4ftsbedingungen.<\/p>\n\n\n\n<p>9.5&nbsp;Der Kunde wird rechtzeitig vor Beendigung des Vertrages seine Datenbest\u00e4nde eigenverantwortlich sichern (etwa durch Download). Auf Wunsch wird der Anbieter den Kunden dabei unterst\u00fctzen, es gilt Ziffer 4.4 der Allgemeine Gesch\u00e4ftsbedingungen. Eine Zugriffm\u00f6glichkeit des Kunden auf diese Datenbest\u00e4nde wird nach Beendigung des Vertrages schon aus datenschutzrechtlichen Gr\u00fcnden regelm\u00e4\u00dfig nicht mehr gegeben sein.<\/p>\n\n\n\n<h2 class=\"wp-block-heading\">10&nbsp;Geltung der Allgemeinen Gesch\u00e4ftsbedingungen<\/h2>\n\n\n\n<p>Erg\u00e4nzend gelten unsere <a href=\"https:\/\/picasi.com\/allgemeine-geschaeftsbedingungen\/\" data-type=\"page\" data-id=\"2139\">Allgemeine Gesch\u00e4ftsbedingungen<\/a>.<\/p>\n\n\n\n<p>Stand: 19.03.2025<\/p>\n<\/div><\/div>\n\n<\/div><\/div>\n\n\n<p><\/p>\n","protected":false},"excerpt":{"rendered":"<p>Unsere Software-Nutzungsbedingungen gelten f\u00fcr die Website picasi.com sowie unsere \u00fcbrigen Leistungsangebote.<\/p>","protected":false},"author":1,"featured_media":0,"parent":0,"menu_order":0,"comment_status":"closed","ping_status":"closed","template":"","meta":{"_kad_blocks_custom_css":"","_kad_blocks_head_custom_js":"","_kad_blocks_body_custom_js":"","_kad_blocks_footer_custom_js":"","_kad_post_transparent":"","_kad_post_title":"","_kad_post_layout":"","_kad_post_sidebar_id":"","_kad_post_content_style":"","_kad_post_vertical_padding":"","_kad_post_feature":"","_kad_post_feature_position":"","_kad_post_header":false,"_kad_post_footer":false,"_kad_post_classname":"","iawp_total_views":5,"footnotes":""},"class_list":["post-2237","page","type-page","status-publish","hentry"],"taxonomy_info":[],"featured_image_src_large":false,"author_info":{"display_name":"Karsten Richter","author_link":"https:\/\/picasi.com\/en\/author\/karsteneasy-compliance-eu\/"},"comment_info":0,"_links":{"self":[{"href":"https:\/\/picasi.com\/en\/wp-json\/wp\/v2\/pages\/2237","targetHints":{"allow":["GET"]}}],"collection":[{"href":"https:\/\/picasi.com\/en\/wp-json\/wp\/v2\/pages"}],"about":[{"href":"https:\/\/picasi.com\/en\/wp-json\/wp\/v2\/types\/page"}],"author":[{"embeddable":true,"href":"https:\/\/picasi.com\/en\/wp-json\/wp\/v2\/users\/1"}],"replies":[{"embeddable":true,"href":"https:\/\/picasi.com\/en\/wp-json\/wp\/v2\/comments?post=2237"}],"version-history":[{"count":1,"href":"https:\/\/picasi.com\/en\/wp-json\/wp\/v2\/pages\/2237\/revisions"}],"predecessor-version":[{"id":2616,"href":"https:\/\/picasi.com\/en\/wp-json\/wp\/v2\/pages\/2237\/revisions\/2616"}],"wp:attachment":[{"href":"https:\/\/picasi.com\/en\/wp-json\/wp\/v2\/media?parent=2237"}],"curies":[{"name":"wp","href":"https:\/\/api.w.org\/{rel}","templated":true}]}}